{"id":2143,"date":"2024-08-24T00:26:15","date_gmt":"2024-08-24T00:26:15","guid":{"rendered":"https:\/\/360brand.fr\/?page_id=2143"},"modified":"2024-08-24T01:04:46","modified_gmt":"2024-08-24T01:04:46","slug":"debriefing-360brand","status":"publish","type":"page","link":"https:\/\/360brand.fr\/nl\/debriefing-360brand","title":{"rendered":"Debriefing 360BRAND"},"content":{"rendered":"<div class=\"vc_row wpb_row vc_row-fluid vc_custom_1630518115582\"><div class=\"wpb_column vc_column_container vc_col-sm-12\"><div class=\"vc_column-inner\"><div class=\"wpb_wrapper\"><h1 style=\"font-size: 30px;color: #898672;text-align: center;font-family:oswald;font-weight:400;font-style:normal\" class=\"vc_custom_heading vc_custom_1646697947383\" >Avec la formule DUO<\/h1><h1 style=\"font-size: 30px;color: #898672;text-align: center;font-family:oswald;font-weight:400;font-style:normal\" class=\"vc_custom_heading vc_custom_1646697957145\" >vous b\u00e9n\u00e9ficiez du soutien et des \u00e9clairages<\/h1><h1 style=\"font-size: 30px;color: #898672;text-align: center;font-family:oswald;font-weight:400;font-style:normal\" class=\"vc_custom_heading\" >d'un 360BRAND coach certifi\u00e9<\/h1><\/div><\/div><\/div><\/div><div data-vc-full-width=\"true\" data-vc-full-width-init=\"false\" class=\"vc_row wpb_row vc_row-fluid vc_custom_1724459135117 vc_row-has-fill\"><div class=\"wpb_column vc_column_container vc_col-sm-12\"><div class=\"vc_column-inner\"><div class=\"wpb_wrapper\">\n\t<div class=\"wpb_text_column wpb_content_element\" >\n\t\t<div class=\"wpb_wrapper\">\n\t\t\t<p style=\"text-align: center;\"><span style=\"font-family: caveat; font-size: 18pt; color: #ffffff;\">C&rsquo;est la version id\u00e9ale<br \/>\npour tirer le meilleur parti de votre 360BRAND<br \/>\net optimiser imm\u00e9diatement votre marque perso<\/span><\/p>\n\n\t\t<\/div>\n\t<\/div>\n<\/div><\/div><\/div><\/div><div class=\"vc_row-full-width vc_clearfix\"><\/div><div data-vc-full-width=\"true\" data-vc-full-width-init=\"false\" class=\"vc_row wpb_row vc_row-fluid\"><div class=\"wpb_column vc_column_container vc_col-sm-12\"><div class=\"vc_column-inner\"><div class=\"wpb_wrapper\"><div class=\"services-wrapper services-boxed-photo cols-wrapper cols-3\"><div class=\"services-box col\"><div class=\"img-container\"><img decoding=\"async\" src=\"https:\/\/360brand.fr\/wp-content\/uploads\/2024\/08\/Vous-souhaitez-vous-former-9-368x245.png\" alt=\"L&#039;ensemble du processus 360BRAND se d\u00e9roule sur 1 mois\"\/><\/div><div class=\"services-content\"><div class=\"sc-wraper\"><h3>L'ensemble du processus 360BRAND se d\u00e9roule sur 1 mois<\/h3><\/div><\/div><\/div><div class=\"services-box col services-no-image\"><div class=\"services-content\"><div class=\"sc-wraper\"><h3>Contenu d'un 360BRAND<\/h3><p>Avec cet outil, vous obtenez de fa\u00e7on anonyme des retours sur :\r\nles particularit\u00e9s de votre marque personnelle, vos talents, votre r\u00f4le dans une \u00e9quipe, vos forces et challenges, 2 portraits chinois, ainsi que plusieurs questions d\u2019ordre relationnel entre vous et chacun de vos \u201cr\u00e9pondants\u201d.<\/p><\/div><\/div><\/div><div class=\"services-box col nomargin services-no-image\"><div class=\"services-content\"><div class=\"sc-wraper\"><h3>Avec votre 360BRAND coach<\/h3><p>Durant 2 s\u00e9ances de 60 minutes \u00e0 distance (via Zoom), ce professionnel vous guide pour...\r\n\r\ny voir clair dans vos r\u00e9sultats, faire ressortir les informations importantes, accueillir et transmuter vos \u00e9ventuelles \u00e9motions, prendre conscience des axes prioritaires, produire un plan d\u2019action simple et agr\u00e9able \u00e0 mettre en oeuvre.\r\n\r\nIl vous pose des questions en toute bienveillance et vous aide \u00e0 saisir ce qu\u2019il est souvent difficile de voir \u00absoi-m\u00eame pour soi-m\u00eame\u00bb.<\/p><\/div><\/div><\/div><div class=\"clear\"><\/div><\/div><\/div><\/div><\/div><\/div><div class=\"vc_row-full-width vc_clearfix\"><\/div><div data-vc-full-width=\"true\" data-vc-full-width-init=\"false\" class=\"vc_row wpb_row vc_row-fluid vc_custom_1724459146795 vc_row-has-fill\"><div class=\"wpb_column vc_column_container vc_col-sm-12\"><div class=\"vc_column-inner\"><div class=\"wpb_wrapper\"><h1 style=\"font-size: 30px;color: #ffffff;text-align: center;font-family:oswald;font-weight:400;font-style:normal\" class=\"vc_custom_heading vc_custom_1630518474622\" >Les 360BRAND Coachs : d\u00e9couvrez l'\u00e9quipe<\/h1><\/div><\/div><\/div><\/div><div class=\"vc_row-full-width vc_clearfix\"><\/div><div class=\"vc_row wpb_row vc_row-fluid vc_custom_1706823666523\"><div class=\"wpb_column vc_column_container vc_col-sm-8\"><div class=\"vc_column-inner\"><div class=\"wpb_wrapper\">\n\t<div class=\"wpb_text_column wpb_content_element\" >\n\t\t<div class=\"wpb_wrapper\">\n\t\t\t<p><strong>Ils seront ravis de vous en dire plus !<\/strong><\/p>\n<p>Situ\u00e9s en France et en Francophonie, ils seront ravis de vous accompagner sur votre d\u00e9briefing 360BRAND.<br \/>\nCliquez sur l&rsquo;annuaire et contactez-les !<br \/>\nIls adoreront \u00e9changer avec vous.<\/p>\n\n\t\t<\/div>\n\t<\/div>\n<\/div><\/div><\/div><div class=\"wpb_column vc_column_container vc_col-sm-4\"><div class=\"vc_column-inner\"><div class=\"wpb_wrapper\"><div class=\"vc_btn3-container vc_btn3-inline\" ><a onmouseleave=\"this.style.borderColor='#666666'; this.style.backgroundColor='transparent'; this.style.color='#666666'\" onmouseenter=\"this.style.borderColor='#666666'; this.style.backgroundColor='#666666'; this.style.color='#ffffff';\" style=\"border-color:#666666; color:#666666;\" class=\"vc_general vc_btn3 vc_btn3-size-lg vc_btn3-shape-round vc_btn3-style-outline-custom\" href=\"https:\/\/personalbranding.learnybox.com\/les-360brand-coachs\/\" title=\"\">L'annuaire des professionnels<\/a><\/div><\/div><\/div><\/div><\/div><div data-vc-full-width=\"true\" data-vc-full-width-init=\"false\" class=\"vc_row wpb_row vc_row-fluid vc_custom_1724459158565 vc_row-has-fill\"><div class=\"wpb_column vc_column_container vc_col-sm-12\"><div class=\"vc_column-inner\"><div class=\"wpb_wrapper\"><h1 style=\"font-size: 30px;color: #ffffff;text-align: center;font-family:oswald;font-weight:400;font-style:normal\" class=\"vc_custom_heading\" >Autre solution... laissez-nous faire !<\/h1>\n\t<div class=\"wpb_text_column wpb_content_element\" >\n\t\t<div class=\"wpb_wrapper\">\n\t\t\t<p style=\"text-align: center;\"><span style=\"font-family: caveat; font-size: 18pt;\"><span style=\"color: #ffffff;\">Choisissez la formule DUO<\/span><\/span><br \/>\n<span style=\"font-family: caveat; font-size: 18pt;\"><span style=\"color: #ffffff;\">et nous vous attribuerons un excellent 360BRAND coach<\/span><\/span><\/p>\n\n\t\t<\/div>\n\t<\/div>\n<style>.vc_btn3-style-gradient-custom.vc_btn-gradient-btn-69f45c5fb4aba:hover{color: #ffffff;background-color: #895c01;border: none;background-position: 100% 0;}<\/style><style>.vc_btn3-style-gradient-custom.vc_btn-gradient-btn-69f45c5fb4aba{color: #ffffff;border: none;background-color: #c89c7d;background-image: -webkit-linear-gradient(left, #c89c7d 0%, #895c01 50%,#c89c7d 100%);background-image: linear-gradient(to right, #c89c7d 0%, #895c01 50%,#c89c7d 100%);-webkit-transition: all .2s ease-in-out;transition: all .2s ease-in-out;background-size: 200% 100%;}<\/style><div class=\"vc_btn3-container vc_btn3-center vc_custom_1724461465091\" ><a data-vc-gradient-1=\"#c89c7d\" data-vc-gradient-2=\"#895c01\" class=\"vc_general vc_btn3 vc_btn3-size-lg vc_btn3-shape-round vc_btn3-style-gradient-custom vc_btn-gradient-btn-69f45c5fb4aba\" href=\"https:\/\/personalbranding.learnybox.com\/formules-solo-duo\/\" title=\"Debriefing 360BRAND\">J'ACHETE LA FORMULE DUO<\/a><\/div><\/div><\/div><\/div><\/div><div class=\"vc_row-full-width vc_clearfix\"><\/div><div class=\"vc_row wpb_row vc_row-fluid\"><div class=\"wpb_column vc_column_container vc_col-sm-12\"><div class=\"vc_column-inner\"><div class=\"wpb_wrapper\">\n\t<div  class=\"wpb_single_image wpb_content_element vc_align_center  wpb_animate_when_almost_visible wpb_zoomIn zoomIn\">\n\t\t\n\t\t<figure class=\"wpb_wrapper vc_figure\">\n\t\t\t<div class=\"vc_single_image-wrapper   vc_box_border_grey\"><img loading=\"lazy\" decoding=\"async\" width=\"150\" height=\"150\" src=\"https:\/\/360brand.fr\/wp-content\/uploads\/2024\/08\/Vous-souhaitez-vous-former-4-150x150.png\" class=\"vc_single_image-img attachment-thumbnail\" alt=\"\" srcset=\"https:\/\/360brand.fr\/wp-content\/uploads\/2024\/08\/Vous-souhaitez-vous-former-4-150x150.png 150w, https:\/\/360brand.fr\/wp-content\/uploads\/2024\/08\/Vous-souhaitez-vous-former-4-300x300.png 300w, https:\/\/360brand.fr\/wp-content\/uploads\/2024\/08\/Vous-souhaitez-vous-former-4-1024x1024.png 1024w, https:\/\/360brand.fr\/wp-content\/uploads\/2024\/08\/Vous-souhaitez-vous-former-4-768x768.png 768w, https:\/\/360brand.fr\/wp-content\/uploads\/2024\/08\/Vous-souhaitez-vous-former-4-12x12.png 12w, https:\/\/360brand.fr\/wp-content\/uploads\/2024\/08\/Vous-souhaitez-vous-former-4.png 1080w\" sizes=\"auto, (max-width: 150px) 100vw, 150px\" \/><\/div>\n\t\t<\/figure>\n\t<\/div>\n<\/div><\/div><\/div><\/div><div data-vc-full-width=\"true\" data-vc-full-width-init=\"false\" data-vc-stretch-content=\"true\" class=\"vc_row wpb_row vc_row-fluid vc_custom_1706824125963 vc_row-no-padding\"><div class=\"wpb_column vc_column_container vc_col-sm-3\"><div class=\"vc_column-inner\"><div class=\"wpb_wrapper\"><div class=\"vc_empty_space\"   style=\"height: 32px\"><span class=\"vc_empty_space_inner\"><\/span><\/div><\/div><\/div><\/div><div class=\"wpb_column vc_column_container vc_col-sm-3\"><div class=\"vc_column-inner\"><div class=\"wpb_wrapper\"><div class=\"vc_btn3-container vc_btn3-center\" ><a style=\"background-color:#898672; color:#ffffff;\" class=\"vc_general vc_btn3 vc_btn3-size-lg vc_btn3-shape-round vc_btn3-style-custom\" href=\"https:\/\/360brand.fr\/presentation-360brand\" title=\"Debriefing 360BRAND\">+ d'infos sur le 360BRAND<\/a><\/div><\/div><\/div><\/div><div class=\"wpb_column vc_column_container vc_col-sm-3\"><div class=\"vc_column-inner\"><div class=\"wpb_wrapper\"><div class=\"vc_btn3-container vc_btn3-center\" ><a style=\"background-color:#898672; color:#ffffff;\" class=\"vc_general vc_btn3 vc_btn3-size-lg vc_btn3-shape-round vc_btn3-style-custom\" href=\"https:\/\/personalbranding.learnybox.com\/360brandcoach-certifie\/\" title=\"Debriefing 360BRAND\">Devenir 360BRAND coach<\/a><\/div><div class=\"vc_empty_space\"   style=\"height: 32px\"><span class=\"vc_empty_space_inner\"><\/span><\/div><\/div><\/div><\/div><div class=\"wpb_column vc_column_container vc_col-sm-3\"><div class=\"vc_column-inner\"><div class=\"wpb_wrapper\"><div class=\"vc_empty_space\"   style=\"height: 32px\"><span class=\"vc_empty_space_inner\"><\/span><\/div><\/div><\/div><\/div><\/div><div class=\"vc_row-full-width vc_clearfix\"><\/div>","protected":false},"excerpt":{"rendered":"Avec la formule DUOvous b\u00e9n\u00e9ficiez du soutien et des \u00e9clairagesd'un 360BRAND coach certifi\u00e9 C'est la version id\u00e9ale pour tirer le [...]","protected":false},"author":1,"featured_media":0,"parent":0,"menu_order":0,"comment_status":"closed","ping_status":"closed","template":"","meta":{"_monsterinsights_skip_tracking":false,"_monsterinsights_sitenote_active":false,"_monsterinsights_sitenote_note":"","_monsterinsights_sitenote_category":0,"footnotes":""},"class_list":["post-2143","page","type-page","status-publish","hentry"],"aioseo_notices":[],"yoast_head":"<!-- This site is optimized with the Yoast SEO plugin v27.5 - https:\/\/yoast.com\/product\/yoast-seo-wordpress\/ -->\n<title>Debriefing 360BRAND - 360Brand<\/title>\n<meta name=\"robots\" content=\"index, follow, max-snippet:-1, max-image-preview:large, max-video-preview:-1\" \/>\n<link rel=\"canonical\" href=\"https:\/\/360brand.fr\/nl\/debriefing-360brand\/\" \/>\n<meta property=\"og:locale\" content=\"nl_BE\" \/>\n<meta property=\"og:type\" content=\"article\" \/>\n<meta property=\"og:title\" content=\"Debriefing 360BRAND - 360Brand\" \/>\n<meta property=\"og:url\" content=\"https:\/\/360brand.fr\/nl\/debriefing-360brand\/\" \/>\n<meta property=\"og:site_name\" content=\"360Brand\" \/>\n<meta property=\"article:modified_time\" content=\"2024-08-24T01:04:46+00:00\" \/>\n<meta name=\"twitter:card\" content=\"summary_large_image\" \/>\n<meta name=\"twitter:label1\" content=\"Geschatte leestijd\" \/>\n\t<meta name=\"twitter:data1\" content=\"2 minuten\" \/>\n<script type=\"application\/ld+json\" class=\"yoast-schema-graph\">{\"@context\":\"https:\\\/\\\/schema.org\",\"@graph\":[{\"@type\":\"WebPage\",\"@id\":\"https:\\\/\\\/360brand.fr\\\/debriefing-360brand\",\"url\":\"https:\\\/\\\/360brand.fr\\\/debriefing-360brand\",\"name\":\"Debriefing 360BRAND - 360Brand\",\"isPartOf\":{\"@id\":\"https:\\\/\\\/360brand.fr\\\/fr_fr\\\/#website\"},\"datePublished\":\"2024-08-24T00:26:15+00:00\",\"dateModified\":\"2024-08-24T01:04:46+00:00\",\"breadcrumb\":{\"@id\":\"https:\\\/\\\/360brand.fr\\\/debriefing-360brand#breadcrumb\"},\"inLanguage\":\"nl-BE\",\"potentialAction\":[{\"@type\":\"ReadAction\",\"target\":[\"https:\\\/\\\/360brand.fr\\\/debriefing-360brand\"]}]},{\"@type\":\"BreadcrumbList\",\"@id\":\"https:\\\/\\\/360brand.fr\\\/debriefing-360brand#breadcrumb\",\"itemListElement\":[{\"@type\":\"ListItem\",\"position\":1,\"name\":\"Accueil\",\"item\":\"https:\\\/\\\/360brand.fr\\\/\"},{\"@type\":\"ListItem\",\"position\":2,\"name\":\"Debriefing 360BRAND\"}]},{\"@type\":\"WebSite\",\"@id\":\"https:\\\/\\\/360brand.fr\\\/fr_fr\\\/#website\",\"url\":\"https:\\\/\\\/360brand.fr\\\/fr_fr\\\/\",\"name\":\"360Brand\",\"description\":\"By Personal Branding France\",\"potentialAction\":[{\"@type\":\"SearchAction\",\"target\":{\"@type\":\"EntryPoint\",\"urlTemplate\":\"https:\\\/\\\/360brand.fr\\\/fr_fr\\\/?s={search_term_string}\"},\"query-input\":{\"@type\":\"PropertyValueSpecification\",\"valueRequired\":true,\"valueName\":\"search_term_string\"}}],\"inLanguage\":\"nl-BE\"}]}<\/script>\n<!-- \/ Yoast SEO plugin. -->","yoast_head_json":{"title":"Debriefing 360BRAND - 360Brand","robots":{"index":"index","follow":"follow","max-snippet":"max-snippet:-1","max-image-preview":"max-image-preview:large","max-video-preview":"max-video-preview:-1"},"canonical":"https:\/\/360brand.fr\/nl\/debriefing-360brand\/","og_locale":"nl_BE","og_type":"article","og_title":"Debriefing 360BRAND - 360Brand","og_url":"https:\/\/360brand.fr\/nl\/debriefing-360brand\/","og_site_name":"360Brand","article_modified_time":"2024-08-24T01:04:46+00:00","twitter_card":"summary_large_image","twitter_misc":{"Geschatte leestijd":"2 minuten"},"schema":{"@context":"https:\/\/schema.org","@graph":[{"@type":"WebPage","@id":"https:\/\/360brand.fr\/debriefing-360brand","url":"https:\/\/360brand.fr\/debriefing-360brand","name":"Debriefing 360BRAND - 360Brand","isPartOf":{"@id":"https:\/\/360brand.fr\/fr_fr\/#website"},"datePublished":"2024-08-24T00:26:15+00:00","dateModified":"2024-08-24T01:04:46+00:00","breadcrumb":{"@id":"https:\/\/360brand.fr\/debriefing-360brand#breadcrumb"},"inLanguage":"nl-BE","potentialAction":[{"@type":"ReadAction","target":["https:\/\/360brand.fr\/debriefing-360brand"]}]},{"@type":"BreadcrumbList","@id":"https:\/\/360brand.fr\/debriefing-360brand#breadcrumb","itemListElement":[{"@type":"ListItem","position":1,"name":"Accueil","item":"https:\/\/360brand.fr\/"},{"@type":"ListItem","position":2,"name":"Debriefing 360BRAND"}]},{"@type":"WebSite","@id":"https:\/\/360brand.fr\/fr_fr\/#website","url":"https:\/\/360brand.fr\/fr_fr\/","name":"360Brand","description":"By Personal Branding France","potentialAction":[{"@type":"SearchAction","target":{"@type":"EntryPoint","urlTemplate":"https:\/\/360brand.fr\/fr_fr\/?s={search_term_string}"},"query-input":{"@type":"PropertyValueSpecification","valueRequired":true,"valueName":"search_term_string"}}],"inLanguage":"nl-BE"}]}},"_links":{"self":[{"href":"https:\/\/360brand.fr\/nl\/wp-json\/wp\/v2\/pages\/2143","targetHints":{"allow":["GET"]}}],"collection":[{"href":"https:\/\/360brand.fr\/nl\/wp-json\/wp\/v2\/pages"}],"about":[{"href":"https:\/\/360brand.fr\/nl\/wp-json\/wp\/v2\/types\/page"}],"author":[{"embeddable":true,"href":"https:\/\/360brand.fr\/nl\/wp-json\/wp\/v2\/users\/1"}],"replies":[{"embeddable":true,"href":"https:\/\/360brand.fr\/nl\/wp-json\/wp\/v2\/comments?post=2143"}],"version-history":[{"count":3,"href":"https:\/\/360brand.fr\/nl\/wp-json\/wp\/v2\/pages\/2143\/revisions"}],"predecessor-version":[{"id":2149,"href":"https:\/\/360brand.fr\/nl\/wp-json\/wp\/v2\/pages\/2143\/revisions\/2149"}],"wp:attachment":[{"href":"https:\/\/360brand.fr\/nl\/wp-json\/wp\/v2\/media?parent=2143"}],"curies":[{"name":"wp","href":"https:\/\/api.w.org\/{rel}","templated":true}]}}