{"id":2096,"date":"2024-08-23T22:48:08","date_gmt":"2024-08-23T22:48:08","guid":{"rendered":"https:\/\/360brand.fr\/?page_id=2096"},"modified":"2024-08-24T01:14:04","modified_gmt":"2024-08-24T01:14:04","slug":"presentation-360brand","status":"publish","type":"page","link":"https:\/\/360brand.fr\/fr_fr\/presentation-360brand","title":{"rendered":"Le 360BRAND"},"content":{"rendered":"<div data-vc-full-width=\"true\" data-vc-full-width-init=\"false\" class=\"vc_row wpb_row vc_row-fluid vc_custom_1706806924135 vc_row-has-fill vc_row-o-equal-height vc_row-o-content-middle vc_row-flex\"><div class=\"wpb_column vc_column_container vc_col-sm-12\"><div class=\"vc_column-inner\"><div class=\"wpb_wrapper\"><h1 style=\"font-size: 40px;color: #898672;text-align: center;font-family:oswald;font-weight:400;font-style:normal\" class=\"vc_custom_heading vc_custom_1646697728192\" >360BRAND, c'est l'outil id\u00e9al<\/h1><h1 style=\"font-size: 40px;color: #898672;text-align: center;font-family:Oswald;font-weight:400;font-style:normal\" class=\"vc_custom_heading\" >pour \u00e9valuer votre marque perso \u00e0 360\u00b0<\/h1>\n\t<div class=\"wpb_text_column wpb_content_element \" >\n\t\t<div class=\"wpb_wrapper\">\n\t\t\t<p style=\"text-align: center;\">Interrogez vos relations pro et perso<br \/>\nRecevez du feedback anonyme sur votre marque personnelle<br \/>\nChangez votre perception, vos jugements, certaines de vos certitudes<br \/>\nRessentez la joie de poser des actions justes<\/p>\n\n\t\t<\/div>\n\t<\/div>\n<\/div><\/div><\/div><\/div><div class=\"vc_row-full-width vc_clearfix\"><\/div><div data-vc-full-width=\"true\" data-vc-full-width-init=\"false\" data-vc-parallax=\"1.5\" data-vc-parallax-o-fade=\"on\" data-vc-parallax-image=\"\" class=\"vc_row wpb_row vc_row-fluid vc_custom_1724454676737 vc_row-has-fill vc_row-o-equal-height vc_row-o-content-middle vc_row-flex vc_general vc_parallax vc_parallax-content-moving-fade js-vc_parallax-o-fade\"><div class=\"wpb_column vc_column_container vc_col-sm-12\"><div class=\"vc_column-inner\"><div class=\"wpb_wrapper\"><h1 style=\"font-size: 40px;color: #ffffff;text-align: center\" class=\"vc_custom_heading\" >Vous \u00eates coach ou professionnel de l'accompagnement ?<\/h1>\n\t<div class=\"wpb_text_column wpb_content_element  vc_custom_1630484774920\" >\n\t\t<div class=\"wpb_wrapper\">\n\t\t\t<p style=\"text-align: center;\"><span style=\"color: #ffffff;\">Pensez \u00e0 utiliser cet outil pour guider vos clients<\/span><br \/>\n<span style=\"color: #ffffff;\">et\/ou vous former et devenir 360BRAND coach certifi\u00e9<\/span><\/p>\n\n\t\t<\/div>\n\t<\/div>\n<\/div><\/div><\/div><\/div><div class=\"vc_row-full-width vc_clearfix\"><\/div><div data-vc-full-width=\"true\" data-vc-full-width-init=\"false\" class=\"vc_row wpb_row vc_row-fluid vc_custom_1706806953065 vc_row-has-fill vc_row-o-equal-height vc_row-o-content-middle vc_row-flex\"><div class=\"wpb_column vc_column_container vc_col-sm-12\"><div class=\"vc_column-inner\"><div class=\"wpb_wrapper\"><div class=\"services-wrapper services-boxed-photo cols-wrapper cols-4 pexeto-parallax\"><div class=\"services-box col\"><div class=\"img-container\"><img decoding=\"async\" src=\"https:\/\/360brand.fr\/wp-content\/uploads\/2024\/08\/Vous-souhaitez-vous-former-3-268x179.png\" alt=\"L&#039;ensemble du processus 360BRAND se d\u00e9roule sur 1 mois\"\/><\/div><div class=\"services-content\"><div class=\"sc-wraper\"><h3>L'ensemble du processus 360BRAND se d\u00e9roule sur 1 mois<\/h3><\/div><\/div><\/div><div class=\"services-box col services-no-image\"><div class=\"services-content\"><div class=\"sc-wraper\"><h3>Pour quoi faire ?<\/h3><p>Le 360BRAND vous en dit long sur la fa\u00e7on dont vous \u00eates per\u00e7u par votre environnement.\r\n\r\nIl vous apporte les \u00e9clairages dont vous avez besoin pour mieux positionner votre marque personnelle et r\u00e9ajuster certains d\u00e9tails qui peuvent faire toute la diff\u00e9rence.\r\n\r\nExemples : clarifier votre discours en RDV de recrutement, amplifier votre leadership, percevoir des pistes de transition de carri\u00e8re, \u00eatre plus et\/ou mieux visible, mettre en valeur votre originalit\u00e9 dans votre organisation, ajuster votre posture de manager, confirmer votre envie de cr\u00e9er une entreprise, discerner quels partenaires vous conviennent\u2026<\/p><\/div><\/div><\/div><div class=\"services-box col services-no-image\"><div class=\"services-content\"><div class=\"sc-wraper\"><h3>Comment \u00e7a se passe ?<\/h3><p>D\u00e8s votre achat, vous recevez un lien d\u2019acc\u00e8s vers votre 360BRAND + un mod\u00e8le de mail. Vous l\u2019envoyez \u00e0 25 ou 30 personnes minimum (famille, amis, coll\u00e8gues, etc.) qui r\u00e9pondent au questionnaire.\r\n\r\nCes r\u00e9ponses restent anonymes et arrivent sur la plateforme 360BRAND de Personal Branding France. Au bout de 30 jours, vous recevez un rapport PDF avec l\u2019ensemble des r\u00e9ponses compil\u00e9es.\r\n\r\nEn option : vous pouvez \u00eatre accompagn\u00e9 par un 360BRAND coach pour d\u00e9briefer vos r\u00e9sultats, faire ressortir des p\u00e9pites li\u00e9es \u00e0 votre marque perso, faire du tri et poser des actions concr\u00e8tes.<\/p><\/div><\/div><\/div><div class=\"services-box col nomargin services-no-image\"><div class=\"services-content\"><div class=\"sc-wraper\"><h3>Quel est le contenu ?<\/h3><p>Vous obtenez des informations sur : vos particularit\u00e9s, vos talents, votre r\u00f4le dans une \u00e9quipe, vos forces et challenges, 2 portraits chinois, ainsi que plusieurs questions d\u2019ordre relationnel entre vous et le \u201cr\u00e9pondant\u201d.\r\n\r\nVous remplissez votre auto-\u00e9valuation : ainsi vous apprenez en quoi votre vision de vous-m\u00eame peut \u00eatre tr\u00e8s diff\u00e9rente de la fa\u00e7on dont vous \u00eates per\u00e7u par les autres.\r\n\r\nCes informations vous donnent l\u2019\u00e9lan de prendre de pr\u00e9cieuses d\u00e9cisions.<\/p><\/div><\/div><\/div><div class=\"clear\"><\/div><\/div><\/div><\/div><\/div><\/div><div class=\"vc_row-full-width vc_clearfix\"><\/div><div data-vc-full-width=\"true\" data-vc-full-width-init=\"false\" data-vc-parallax=\"1.5\" data-vc-parallax-o-fade=\"on\" data-vc-parallax-image=\"\" class=\"vc_row wpb_row vc_row-fluid vc_custom_1724454431360 vc_row-has-fill vc_row-o-equal-height vc_row-o-content-middle vc_row-flex vc_general vc_parallax vc_parallax-content-moving-fade js-vc_parallax-o-fade\"><div class=\"wpb_column vc_column_container vc_col-sm-12\"><div class=\"vc_column-inner\"><div class=\"wpb_wrapper\"><h1 style=\"font-size: 40px;color: #ffffff;text-align: center\" class=\"vc_custom_heading\" >Cet outil vous int\u00e9resse ?<\/h1>\n\t<div class=\"wpb_text_column wpb_content_element  vc_custom_1630493343362\" >\n\t\t<div class=\"wpb_wrapper\">\n\t\t\t<p style=\"text-align: center;\"><span style=\"color: #ffffff;\">3 possibilit\u00e9s s&rsquo;offrent \u00e0 vous<\/span><\/p>\n\n\t\t<\/div>\n\t<\/div>\n<\/div><\/div><\/div><\/div><div class=\"vc_row-full-width vc_clearfix\"><\/div><div data-vc-full-width=\"true\" data-vc-full-width-init=\"false\" class=\"vc_row wpb_row vc_row-fluid vc_custom_1706807183390 vc_row-has-fill vc_row-o-equal-height vc_row-o-content-middle vc_row-flex\"><div class=\"wpb_column vc_column_container vc_col-sm-12\"><div class=\"vc_column-inner\"><div class=\"wpb_wrapper\"><div class=\"vc_row wpb_row vc_inner vc_row-fluid vc_column-gap-10 vc_row-o-equal-height vc_row-flex\"><div class=\"wpb_column vc_column_container vc_col-sm-4 vc_col-has-fill\"><div class=\"vc_column-inner vc_custom_1724454552586\"><div class=\"wpb_wrapper\">\n\t<div class=\"wpb_text_column wpb_content_element \" >\n\t\t<div class=\"wpb_wrapper\">\n\t\t\t<h3 style=\"text-align: center;\">En solo<\/h3>\n<p style=\"text-align: center;\">Votre 360BRAND en toute autonomie. Vous achetez un acc\u00e8s, lancez votre sondage, et explorez seul vos r\u00e9sultats au bout d&rsquo;1 mois.<\/p>\n\n\t\t<\/div>\n\t<\/div>\n<div class=\"vc_btn3-container vc_btn3-center\" ><a style=\"background-color:#898672; color:#ffffff;\" class=\"vc_general vc_btn3 vc_btn3-size-md vc_btn3-shape-round vc_btn3-style-custom\" href=\"https:\/\/personalbranding.learnybox.com\/formules-solo-duo\/\" title=\"ACC\u00c8S AU 360BRAND \u2013 FORMULE SOLO SANS DEBRIEFING\">J'ach\u00e8te un acc\u00e8s SOLO<\/a><\/div><\/div><\/div><\/div><div class=\"wpb_column vc_column_container vc_col-sm-4 vc_col-has-fill\"><div class=\"vc_column-inner vc_custom_1724454560236\"><div class=\"wpb_wrapper\">\n\t<div class=\"wpb_text_column wpb_content_element \" >\n\t\t<div class=\"wpb_wrapper\">\n\t\t\t<h3 style=\"text-align: center;\">En duo<\/h3>\n<p style=\"text-align: center;\">Idem, avec l&rsquo;aide d&rsquo;un 360BRAND coach. C&rsquo;est la version optimale pour profiter du soutien et des \u00e9clairages d&rsquo;un professionnel certifi\u00e9.<\/p>\n\n\t\t<\/div>\n\t<\/div>\n<div class=\"vc_btn3-container vc_btn3-center\" ><a style=\"background-color:#898672; color:#ffffff;\" class=\"vc_general vc_btn3 vc_btn3-size-md vc_btn3-shape-round vc_btn3-style-custom\" href=\"https:\/\/360brand.fr\/debriefing-360brand\" title=\"DEBRIEFING 360 \u2013 FORMULE DUO\">Je choisis la formule DUO<\/a><\/div><\/div><\/div><\/div><div class=\"wpb_column vc_column_container vc_col-sm-4 vc_col-has-fill\"><div class=\"vc_column-inner vc_custom_1724454567920\"><div class=\"wpb_wrapper\">\n\t<div class=\"wpb_text_column wpb_content_element \" >\n\t\t<div class=\"wpb_wrapper\">\n\t\t\t<h3 style=\"text-align: center;\">Devenez 360BRAND coach<\/h3>\n<p style=\"text-align: center;\">Id\u00e9al si vous \u00eates coach, manager, professionnel de l&rsquo;accompagnement. Cette formation certifiante 100% en ligne inclut votre propre 360BRAND.<\/p>\n\n\t\t<\/div>\n\t<\/div>\n<div class=\"vc_btn3-container vc_btn3-center\" ><a style=\"background-color:#898672; color:#ffffff;\" class=\"vc_general vc_btn3 vc_btn3-size-md vc_btn3-shape-round vc_btn3-style-custom\" href=\"https:\/\/personalbranding.learnybox.com\/360brandcoach-certifie\/\" title=\"Devenez 360BRAND Coach\">Je deviens 360BRAND coach<\/a><\/div><\/div><\/div><\/div><\/div><\/div><\/div><\/div><\/div><div class=\"vc_row-full-width vc_clearfix\"><\/div>\n","protected":false},"excerpt":{"rendered":"360BRAND, c'est l'outil id\u00e9alpour \u00e9valuer votre marque perso \u00e0 360\u00b0 Interrogez vos relations pro et perso Recevez du feedback anonyme [...]","protected":false},"author":1,"featured_media":0,"parent":0,"menu_order":0,"comment_status":"closed","ping_status":"closed","template":"","meta":{"_monsterinsights_skip_tracking":false,"_monsterinsights_sitenote_active":false,"_monsterinsights_sitenote_note":"","_monsterinsights_sitenote_category":0,"footnotes":""},"class_list":["post-2096","page","type-page","status-publish","hentry"],"aioseo_notices":[],"yoast_head":"<!-- This site is optimized with the Yoast SEO plugin v27.5 - https:\/\/yoast.com\/product\/yoast-seo-wordpress\/ -->\n<title>Le 360BRAND - 360Brand<\/title>\n<meta name=\"robots\" content=\"index, follow, max-snippet:-1, max-image-preview:large, max-video-preview:-1\" \/>\n<link rel=\"canonical\" href=\"https:\/\/360brand.fr\/fr_fr\/presentation-360brand\/\" \/>\n<meta property=\"og:locale\" content=\"fr_FR\" \/>\n<meta property=\"og:type\" content=\"article\" \/>\n<meta property=\"og:title\" content=\"Le 360BRAND - 360Brand\" \/>\n<meta property=\"og:url\" content=\"https:\/\/360brand.fr\/fr_fr\/presentation-360brand\/\" \/>\n<meta property=\"og:site_name\" content=\"360Brand\" \/>\n<meta property=\"article:modified_time\" content=\"2024-08-24T01:14:04+00:00\" \/>\n<meta name=\"twitter:card\" content=\"summary_large_image\" \/>\n<meta name=\"twitter:label1\" content=\"Dur\u00e9e de lecture estim\u00e9e\" \/>\n\t<meta name=\"twitter:data1\" content=\"2 minutes\" \/>\n<script type=\"application\/ld+json\" class=\"yoast-schema-graph\">{\"@context\":\"https:\\\/\\\/schema.org\",\"@graph\":[{\"@type\":\"WebPage\",\"@id\":\"https:\\\/\\\/360brand.fr\\\/presentation-360brand\",\"url\":\"https:\\\/\\\/360brand.fr\\\/presentation-360brand\",\"name\":\"Le 360BRAND - 360Brand\",\"isPartOf\":{\"@id\":\"https:\\\/\\\/360brand.fr\\\/fr_fr\\\/#website\"},\"datePublished\":\"2024-08-23T22:48:08+00:00\",\"dateModified\":\"2024-08-24T01:14:04+00:00\",\"breadcrumb\":{\"@id\":\"https:\\\/\\\/360brand.fr\\\/presentation-360brand#breadcrumb\"},\"inLanguage\":\"fr-FR\",\"potentialAction\":[{\"@type\":\"ReadAction\",\"target\":[\"https:\\\/\\\/360brand.fr\\\/presentation-360brand\"]}]},{\"@type\":\"BreadcrumbList\",\"@id\":\"https:\\\/\\\/360brand.fr\\\/presentation-360brand#breadcrumb\",\"itemListElement\":[{\"@type\":\"ListItem\",\"position\":1,\"name\":\"Accueil\",\"item\":\"https:\\\/\\\/360brand.fr\\\/\"},{\"@type\":\"ListItem\",\"position\":2,\"name\":\"Le 360BRAND\"}]},{\"@type\":\"WebSite\",\"@id\":\"https:\\\/\\\/360brand.fr\\\/fr_fr\\\/#website\",\"url\":\"https:\\\/\\\/360brand.fr\\\/fr_fr\\\/\",\"name\":\"360Brand\",\"description\":\"By Personal Branding France\",\"potentialAction\":[{\"@type\":\"SearchAction\",\"target\":{\"@type\":\"EntryPoint\",\"urlTemplate\":\"https:\\\/\\\/360brand.fr\\\/fr_fr\\\/?s={search_term_string}\"},\"query-input\":{\"@type\":\"PropertyValueSpecification\",\"valueRequired\":true,\"valueName\":\"search_term_string\"}}],\"inLanguage\":\"fr-FR\"}]}<\/script>\n<!-- \/ Yoast SEO plugin. -->","yoast_head_json":{"title":"Le 360BRAND - 360Brand","robots":{"index":"index","follow":"follow","max-snippet":"max-snippet:-1","max-image-preview":"max-image-preview:large","max-video-preview":"max-video-preview:-1"},"canonical":"https:\/\/360brand.fr\/fr_fr\/presentation-360brand\/","og_locale":"fr_FR","og_type":"article","og_title":"Le 360BRAND - 360Brand","og_url":"https:\/\/360brand.fr\/fr_fr\/presentation-360brand\/","og_site_name":"360Brand","article_modified_time":"2024-08-24T01:14:04+00:00","twitter_card":"summary_large_image","twitter_misc":{"Dur\u00e9e de lecture estim\u00e9e":"2 minutes"},"schema":{"@context":"https:\/\/schema.org","@graph":[{"@type":"WebPage","@id":"https:\/\/360brand.fr\/presentation-360brand","url":"https:\/\/360brand.fr\/presentation-360brand","name":"Le 360BRAND - 360Brand","isPartOf":{"@id":"https:\/\/360brand.fr\/fr_fr\/#website"},"datePublished":"2024-08-23T22:48:08+00:00","dateModified":"2024-08-24T01:14:04+00:00","breadcrumb":{"@id":"https:\/\/360brand.fr\/presentation-360brand#breadcrumb"},"inLanguage":"fr-FR","potentialAction":[{"@type":"ReadAction","target":["https:\/\/360brand.fr\/presentation-360brand"]}]},{"@type":"BreadcrumbList","@id":"https:\/\/360brand.fr\/presentation-360brand#breadcrumb","itemListElement":[{"@type":"ListItem","position":1,"name":"Accueil","item":"https:\/\/360brand.fr\/"},{"@type":"ListItem","position":2,"name":"Le 360BRAND"}]},{"@type":"WebSite","@id":"https:\/\/360brand.fr\/fr_fr\/#website","url":"https:\/\/360brand.fr\/fr_fr\/","name":"360Brand","description":"By Personal Branding France","potentialAction":[{"@type":"SearchAction","target":{"@type":"EntryPoint","urlTemplate":"https:\/\/360brand.fr\/fr_fr\/?s={search_term_string}"},"query-input":{"@type":"PropertyValueSpecification","valueRequired":true,"valueName":"search_term_string"}}],"inLanguage":"fr-FR"}]}},"_links":{"self":[{"href":"https:\/\/360brand.fr\/fr_fr\/wp-json\/wp\/v2\/pages\/2096","targetHints":{"allow":["GET"]}}],"collection":[{"href":"https:\/\/360brand.fr\/fr_fr\/wp-json\/wp\/v2\/pages"}],"about":[{"href":"https:\/\/360brand.fr\/fr_fr\/wp-json\/wp\/v2\/types\/page"}],"author":[{"embeddable":true,"href":"https:\/\/360brand.fr\/fr_fr\/wp-json\/wp\/v2\/users\/1"}],"replies":[{"embeddable":true,"href":"https:\/\/360brand.fr\/fr_fr\/wp-json\/wp\/v2\/comments?post=2096"}],"version-history":[{"count":6,"href":"https:\/\/360brand.fr\/fr_fr\/wp-json\/wp\/v2\/pages\/2096\/revisions"}],"predecessor-version":[{"id":2151,"href":"https:\/\/360brand.fr\/fr_fr\/wp-json\/wp\/v2\/pages\/2096\/revisions\/2151"}],"wp:attachment":[{"href":"https:\/\/360brand.fr\/fr_fr\/wp-json\/wp\/v2\/media?parent=2096"}],"curies":[{"name":"wp","href":"https:\/\/api.w.org\/{rel}","templated":true}]}}