{"id":87,"date":"2014-10-02T05:32:23","date_gmt":"2014-10-02T05:32:23","guid":{"rendered":"http:\/\/pexetothemes.com\/demos\/story_demos\/agency\/?page_id=10"},"modified":"2024-08-24T20:32:53","modified_gmt":"2024-08-24T20:32:53","slug":"home","status":"publish","type":"page","link":"https:\/\/360brand.fr\/es\/","title":{"rendered":"Accueil"},"content":{"rendered":"<div data-vc-full-width=\"true\" data-vc-full-width-init=\"false\" class=\"vc_row wpb_row vc_row-fluid vc_custom_1546550529107 vc_row-has-fill\"><div class=\"wpb_column vc_column_container vc_col-sm-12\"><div class=\"vc_column-inner\"><div class=\"wpb_wrapper\"><div class=\"vc_row wpb_row vc_inner vc_row-fluid\"><div class=\"wpb_column vc_column_container vc_col-sm-3\"><div class=\"vc_column-inner\"><div class=\"wpb_wrapper\">\n\t<div  class=\"wpb_single_image wpb_content_element vc_align_center\">\n\t\t\n\t\t<figure class=\"wpb_wrapper vc_figure\">\n\t\t\t<a href=\"https:\/\/personalbranding.fr\/\" target=\"_self\" class=\"vc_single_image-wrapper   vc_box_border_grey\"><img loading=\"lazy\" decoding=\"async\" width=\"500\" height=\"500\" src=\"https:\/\/360brand.fr\/wp-content\/uploads\/2024\/08\/1-2.png\" class=\"vc_single_image-img attachment-full\" alt=\"\" srcset=\"https:\/\/360brand.fr\/wp-content\/uploads\/2024\/08\/1-2.png 500w, https:\/\/360brand.fr\/wp-content\/uploads\/2024\/08\/1-2-300x300.png 300w, https:\/\/360brand.fr\/wp-content\/uploads\/2024\/08\/1-2-150x150.png 150w, https:\/\/360brand.fr\/wp-content\/uploads\/2024\/08\/1-2-12x12.png 12w\" sizes=\"auto, (max-width: 500px) 100vw, 500px\" \/><\/a>\n\t\t<\/figure>\n\t<\/div>\n<\/div><\/div><\/div><div class=\"wpb_column vc_column_container vc_col-sm-9\"><div class=\"vc_column-inner\"><div class=\"wpb_wrapper\">\n\t<div class=\"wpb_text_column wpb_content_element\" >\n\t\t<div class=\"wpb_wrapper\">\n\t\t\t<div class=\"\">\n<p class=\" translation-block\">Bienvenido a <strong>360BRAND.FR<\/strong>, su nueva plataforma dedicada al an\u00e1lisis en profundidad y al cuestionamiento de uno mismo.<\/p>\n<p>Tanto si est\u00e1 en plena evoluci\u00f3n personal como profesional, nuestra soluci\u00f3n llave en mano le ofrece las herramientas necesarias para comprender mejor qui\u00e9n es usted, en todas sus dimensiones. Gracias a un ingenioso sistema de cuestionarios, tiene la posibilidad de consultar sus relaciones profesionales y personales para recibir comentarios an\u00f3nimos, aut\u00e9nticos y constructivos sobre su marca personal.<\/p>\n<p>Ce processus interactif vous permet de d\u00e9couvrir comment vous \u00eates per\u00e7u par les autres, d\u2019identifier vos forces et vos points de d\u00e9veloppement, et ainsi d&rsquo;obtenir une vision plus compl\u00e8te de votre identit\u00e9. En plus de recevoir des retours pr\u00e9cieux, <strong>360BRAND.FR<\/strong> vous aide \u00e0 vous auto-\u00e9valuer gr\u00e2ce \u00e0 des questionnaires introspectifs qui explorent vos facettes les plus subtiles.<\/p>\n<p>El objetivo es simple: ofrecerle la oportunidad de ver m\u00e1s all\u00e1 de sus propios juicios, ajustar su percepci\u00f3n de s\u00ed mismo y realizar acciones concretas y alineadas con qui\u00e9n es realmente. Este camino le llevar\u00e1 a una mayor claridad, permiti\u00e9ndole actuar con confianza y autenticidad en todos los aspectos de su vida.<\/p>\n<p>Aprovecha esta oportunidad para dar un verdadero paso adelante hacia una mejor versi\u00f3n de ti mismo.<\/p>\n<\/div>\n<div class=\"\"><\/div>\n\n\t\t<\/div>\n\t<\/div>\n<\/div><\/div><\/div><\/div><\/div><\/div><\/div><\/div><div class=\"vc_row-full-width vc_clearfix\"><\/div><div data-vc-full-width=\"true\" data-vc-full-width-init=\"false\" class=\"vc_row wpb_row vc_row-fluid vc_custom_1724456986696 vc_row-has-fill\"><div class=\"wpb_column vc_column_container vc_col-sm-12\"><div class=\"vc_column-inner\"><div class=\"wpb_wrapper\"><h2 style=\"font-size: 56px;text-align: center\" class=\"vc_custom_heading\" >2 espacios dedicados<\/h2><div class=\"vc_empty_space\"   style=\"height: 34px\"><span class=\"vc_empty_space_inner\"><\/span><\/div><\/div><\/div><\/div><\/div><div class=\"vc_row-full-width vc_clearfix\"><\/div><div class=\"vc_row wpb_row vc_row-fluid vc_column-gap-20 vc_row-o-equal-height vc_row-o-content-middle vc_row-flex\"><div class=\"wpb_column vc_column_container vc_col-sm-6 vc_col-has-fill\"><div class=\"vc_column-inner vc_custom_1540896601186\"><div class=\"wpb_wrapper\"><h2 style=\"font-size: 40px;color: #ffffff;text-align: center;font-family:Just Another Hand;font-weight:400;font-style:normal\" class=\"vc_custom_heading vc_custom_1540896616122\" >Una herramienta de encuesta de 360\u00b0<\/h2><div class=\"vc_separator wpb_content_element vc_separator_align_center vc_sep_width_20 vc_sep_border_width_2 vc_sep_pos_align_center vc_separator_no_text vc_custom_1540895781602  vc_custom_1540895781602\" ><span class=\"vc_sep_holder vc_sep_holder_l\"><span  style=\"border-color:#a335e8;\" class=\"vc_sep_line\"><\/span><\/span><span class=\"vc_sep_holder vc_sep_holder_r\"><span  style=\"border-color:#a335e8;\" class=\"vc_sep_line\"><\/span><\/span>\n<\/div>\n\t<div class=\"wpb_text_column wpb_content_element  vc_custom_1724512328496\" >\n\t\t<div class=\"wpb_wrapper\">\n\t\t\t<p style=\"text-align: center;\"><span style=\"color: #ffffff;\">Le <strong>El 360BRAND<\/strong> est un outil puissant con\u00e7u pour vous offrir une vue d&rsquo;ensemble sur la perception de votre marque personnelle par ceux qui vous entourent. Que ce soit dans un cadre professionnel ou personnel, conna\u00eetre l&rsquo;image que vous refl\u00e9tez est un atout pr\u00e9cieux pour explorer et affiner votre identit\u00e9. Cette information est cruciale, que vous souhaitiez d\u00e9velopper votre carri\u00e8re, accro\u00eetre votre activit\u00e9 ou simplement mieux comprendre comment vous \u00eates per\u00e7u.<\/span><\/p>\n<p>&nbsp;<\/p>\n<p style=\"text-align: center;\" class=\" translation-block\"><span style=\"color: #ffffff\">Accesible de forma aut\u00f3noma, el 360BRAND le permite recopilar comentarios sinceros y aut\u00e9nticos sin comprometerse necesariamente en un proceso completo de <strong>Personal Branding<\/strong>. Le ayuda a recopilar informaci\u00f3n precisa sobre c\u00f3mo le ve su entorno profesional o personal, y as\u00ed identificar sus puntos fuertes y \u00e1reas de mejora.<\/span><\/p>\n<p>&nbsp;<\/p>\n<p style=\"text-align: center;\"><span style=\"color: #ffffff;\">Para ir m\u00e1s all\u00e1, puede optar por un acompa\u00f1amiento personalizado. Este informe de los resultados, realizado por un experto, le permitir\u00e1 percibir mejor los matices a menudo invisibles para uno mismo e interpretar los comentarios con claridad y objetividad.<\/span><\/p>\n<p>&nbsp;<\/p>\n<p style=\"text-align: center;\"><span style=\"color: #ffffff;\"><strong>Importante<\/strong><\/span><\/p>\n<p style=\"text-align: center;\"><span style=\"color: #ffffff;\">El cuestionario es 100% an\u00f3nimo, lo que garantiza una total transparencia en las respuestas, al tiempo que garantiza la confidencialidad de los participantes.<\/span><\/p>\n\n\t\t<\/div>\n\t<\/div>\n<div class=\"vc_btn3-container vc_btn3-center\" ><a onmouseleave=\"this.style.borderColor='#ffffff'; this.style.backgroundColor='transparent'; this.style.color='#ffffff'\" onmouseenter=\"this.style.borderColor='#ffffff'; this.style.backgroundColor='#ffffff'; this.style.color='#685dfb';\" style=\"border-color:#ffffff; color:#ffffff;\" class=\"vc_general vc_btn3 vc_btn3-size-lg vc_btn3-shape-rounded vc_btn3-style-outline-custom\" href=\"https:\/\/360brand.fr\/presentation-360brand\" title=\"El 360BRAND\">M\u00e1s informaci\u00f3n sobre el 360BRAND<\/a><\/div><\/div><\/div><\/div><div class=\"wpb_column vc_column_container vc_col-sm-6 vc_col-has-fill\"><div class=\"vc_column-inner vc_custom_1540896213903\"><div class=\"wpb_wrapper\"><h2 style=\"font-size: 40px;color: #ffffff;text-align: center;font-family:Just Another Hand;font-weight:400;font-style:normal\" class=\"vc_custom_heading vc_custom_1724456301913\" >Una serie de concursos de marca<\/h2><div class=\"vc_separator wpb_content_element vc_separator_align_center vc_sep_width_20 vc_sep_border_width_2 vc_sep_pos_align_center vc_separator_no_text vc_custom_1540895960121  vc_custom_1540895960121\" ><span class=\"vc_sep_holder vc_sep_holder_l\"><span  style=\"border-color:#a335e8;\" class=\"vc_sep_line\"><\/span><\/span><span class=\"vc_sep_holder vc_sep_holder_r\"><span  style=\"border-color:#a335e8;\" class=\"vc_sep_line\"><\/span><\/span>\n<\/div>\n\t<div class=\"wpb_text_column wpb_content_element  vc_custom_1724531491811\" >\n\t\t<div class=\"wpb_wrapper\">\n\t\t\t<p style=\"text-align: center;\"><span style=\"color: #ffffff;\">Les <strong>\u00ab\u00a0Branding Quizz\u00a0\u00bb, <\/strong>c&rsquo;est une collection d<strong>&lsquo;<\/strong>outils ludiques et intuitifs con\u00e7us pour vous permettre de d\u00e9couvrir des facettes cl\u00e9s de votre marque personnelle. <\/span><\/p>\n<p>&nbsp;<\/p>\n<p style=\"text-align: center;\"><span style=\"color: #ffffff;\">Estas pruebas de personalidad ofrecen un enfoque entretenido para comprender mejor ciertos aspectos de su identidad profesional y personal. Basados en s\u00f3lidos estudios y diversos trabajos de psicolog\u00eda humana, le ayudan a comprender mejor sus puntos fuertes, sus rasgos distintivos y sus l\u00edneas de progresi\u00f3n.<\/span><\/p>\n<p>&nbsp;<\/p>\n<p style=\"text-align: center;\"><span style=\"color: #ffffff;\">Cependant, nous croyons fermement que le vrai pouvoir de ces quizz r\u00e9side dans l\u2019accompagnement. En effet, ce ne sont pas seulement les r\u00e9ponses qui comptent, mais ce que vous en ferez par la suite. C\u2019est pourquoi la plupart de ces tests sont exclusivement accessibles aux personnes b\u00e9n\u00e9ficiant de l\u2019accompagnement d&rsquo;un de nos masters certifi\u00e9s. Avec leur soutien, vous pourrez analyser les r\u00e9sultats en profondeur, les contextualiser et en tirer des actions concr\u00e8tes pour aligner votre marque avec vos objectifs.<\/span><\/p>\n<p>&nbsp;<\/p>\n<p style=\"text-align: center;\"><span style=\"color: #ffffff;\">Nuestros maestros le guiar\u00e1n para apropiarse de los resultados, interpretarlos y establecer un plan de desarrollo relevante y sostenible. Porque m\u00e1s all\u00e1 del juego, lo esencial es utilizar esta informaci\u00f3n para desplegar la mejor estrategia: la que es propia.<\/span><\/p>\n\n\t\t<\/div>\n\t<\/div>\n<div class=\"vc_btn3-container vc_btn3-center\" ><a onmouseleave=\"this.style.borderColor='#ffffff'; this.style.backgroundColor='transparent'; this.style.color='#ffffff'\" onmouseenter=\"this.style.borderColor='#ffffff'; this.style.backgroundColor='#ffffff'; this.style.color='#685dfb';\" style=\"border-color:#ffffff; color:#ffffff;\" class=\"vc_general vc_btn3 vc_btn3-size-lg vc_btn3-shape-rounded vc_btn3-style-outline-custom\" href=\"https:\/\/360brand.fr\/contact\" title=\"El 360BRAND\">Contactar con un maestro MCPB<\/a><\/div><\/div><\/div><\/div><\/div>","protected":false},"excerpt":{"rendered":"Bienvenue sur 360BRAND.FR, votre nouvelle plateforme d\u00e9di\u00e9e \u00e0 l\u2019analyse approfondie et au questionnement de soi. Que vous soyez en pleine [...]","protected":false},"author":1,"featured_media":0,"parent":0,"menu_order":0,"comment_status":"open","ping_status":"closed","template":"template-full-custom.php","meta":{"_monsterinsights_skip_tracking":false,"_monsterinsights_sitenote_active":false,"_monsterinsights_sitenote_note":"","_monsterinsights_sitenote_category":0,"footnotes":""},"class_list":["post-87","page","type-page","status-publish","hentry"],"aioseo_notices":[],"yoast_head":"<!-- This site is optimized with the Yoast SEO plugin v27.5 - https:\/\/yoast.com\/product\/yoast-seo-wordpress\/ -->\n<title>Accueil - 360Brand<\/title>\n<meta name=\"robots\" content=\"index, follow, max-snippet:-1, max-image-preview:large, max-video-preview:-1\" \/>\n<link rel=\"canonical\" href=\"https:\/\/360brand.fr\/es\/\" \/>\n<meta property=\"og:locale\" content=\"es_ES\" \/>\n<meta property=\"og:type\" content=\"article\" \/>\n<meta property=\"og:title\" content=\"Accueil - 360Brand\" \/>\n<meta property=\"og:url\" content=\"https:\/\/360brand.fr\/es\/\" \/>\n<meta property=\"og:site_name\" content=\"360Brand\" \/>\n<meta property=\"article:modified_time\" content=\"2024-08-24T20:32:53+00:00\" \/>\n<meta name=\"twitter:card\" content=\"summary_large_image\" \/>\n<meta name=\"twitter:label1\" content=\"Tiempo de lectura\" \/>\n\t<meta name=\"twitter:data1\" content=\"4 minutos\" \/>\n<script type=\"application\/ld+json\" class=\"yoast-schema-graph\">{\"@context\":\"https:\\\/\\\/schema.org\",\"@graph\":[{\"@type\":\"WebPage\",\"@id\":\"https:\\\/\\\/360brand.fr\\\/\",\"url\":\"https:\\\/\\\/360brand.fr\\\/\",\"name\":\"Accueil - 360Brand\",\"isPartOf\":{\"@id\":\"https:\\\/\\\/360brand.fr\\\/fr_fr\\\/#website\"},\"datePublished\":\"2014-10-02T05:32:23+00:00\",\"dateModified\":\"2024-08-24T20:32:53+00:00\",\"breadcrumb\":{\"@id\":\"https:\\\/\\\/360brand.fr\\\/#breadcrumb\"},\"inLanguage\":\"es\",\"potentialAction\":[{\"@type\":\"ReadAction\",\"target\":[\"https:\\\/\\\/360brand.fr\\\/\"]}]},{\"@type\":\"BreadcrumbList\",\"@id\":\"https:\\\/\\\/360brand.fr\\\/#breadcrumb\",\"itemListElement\":[{\"@type\":\"ListItem\",\"position\":1,\"name\":\"Accueil\",\"item\":\"https:\\\/\\\/360brand.fr\\\/\"},{\"@type\":\"ListItem\",\"position\":2,\"name\":\"Accueil\"}]},{\"@type\":\"WebSite\",\"@id\":\"https:\\\/\\\/360brand.fr\\\/fr_fr\\\/#website\",\"url\":\"https:\\\/\\\/360brand.fr\\\/fr_fr\\\/\",\"name\":\"360Brand\",\"description\":\"By Personal Branding France\",\"potentialAction\":[{\"@type\":\"SearchAction\",\"target\":{\"@type\":\"EntryPoint\",\"urlTemplate\":\"https:\\\/\\\/360brand.fr\\\/fr_fr\\\/?s={search_term_string}\"},\"query-input\":{\"@type\":\"PropertyValueSpecification\",\"valueRequired\":true,\"valueName\":\"search_term_string\"}}],\"inLanguage\":\"es\"}]}<\/script>\n<!-- \/ Yoast SEO plugin. -->","yoast_head_json":{"title":"Accueil - 360Brand","robots":{"index":"index","follow":"follow","max-snippet":"max-snippet:-1","max-image-preview":"max-image-preview:large","max-video-preview":"max-video-preview:-1"},"canonical":"https:\/\/360brand.fr\/es\/","og_locale":"es_ES","og_type":"article","og_title":"Accueil - 360Brand","og_url":"https:\/\/360brand.fr\/es\/","og_site_name":"360Brand","article_modified_time":"2024-08-24T20:32:53+00:00","twitter_card":"summary_large_image","twitter_misc":{"Tiempo de lectura":"4 minutos"},"schema":{"@context":"https:\/\/schema.org","@graph":[{"@type":"WebPage","@id":"https:\/\/360brand.fr\/","url":"https:\/\/360brand.fr\/","name":"Accueil - 360Brand","isPartOf":{"@id":"https:\/\/360brand.fr\/fr_fr\/#website"},"datePublished":"2014-10-02T05:32:23+00:00","dateModified":"2024-08-24T20:32:53+00:00","breadcrumb":{"@id":"https:\/\/360brand.fr\/#breadcrumb"},"inLanguage":"es","potentialAction":[{"@type":"ReadAction","target":["https:\/\/360brand.fr\/"]}]},{"@type":"BreadcrumbList","@id":"https:\/\/360brand.fr\/#breadcrumb","itemListElement":[{"@type":"ListItem","position":1,"name":"Accueil","item":"https:\/\/360brand.fr\/"},{"@type":"ListItem","position":2,"name":"Accueil"}]},{"@type":"WebSite","@id":"https:\/\/360brand.fr\/fr_fr\/#website","url":"https:\/\/360brand.fr\/fr_fr\/","name":"360Brand","description":"By Personal Branding France","potentialAction":[{"@type":"SearchAction","target":{"@type":"EntryPoint","urlTemplate":"https:\/\/360brand.fr\/fr_fr\/?s={search_term_string}"},"query-input":{"@type":"PropertyValueSpecification","valueRequired":true,"valueName":"search_term_string"}}],"inLanguage":"es"}]}},"_links":{"self":[{"href":"https:\/\/360brand.fr\/es\/wp-json\/wp\/v2\/pages\/87","targetHints":{"allow":["GET"]}}],"collection":[{"href":"https:\/\/360brand.fr\/es\/wp-json\/wp\/v2\/pages"}],"about":[{"href":"https:\/\/360brand.fr\/es\/wp-json\/wp\/v2\/types\/page"}],"author":[{"embeddable":true,"href":"https:\/\/360brand.fr\/es\/wp-json\/wp\/v2\/users\/1"}],"replies":[{"embeddable":true,"href":"https:\/\/360brand.fr\/es\/wp-json\/wp\/v2\/comments?post=87"}],"version-history":[{"count":22,"href":"https:\/\/360brand.fr\/es\/wp-json\/wp\/v2\/pages\/87\/revisions"}],"predecessor-version":[{"id":113,"href":"https:\/\/360brand.fr\/es\/wp-json\/wp\/v2\/pages\/87\/revisions\/113"}],"wp:attachment":[{"href":"https:\/\/360brand.fr\/es\/wp-json\/wp\/v2\/media?parent=87"}],"curies":[{"name":"wp","href":"https:\/\/api.w.org\/{rel}","templated":true}]}}